{"id":4454,"date":"2025-03-14T10:12:29","date_gmt":"2025-03-14T09:12:29","guid":{"rendered":"https:\/\/www.tartanga.eus\/compromiso-ods\/"},"modified":"2025-03-28T10:42:16","modified_gmt":"2025-03-28T09:42:16","slug":"sdg-commitment","status":"publish","type":"page","link":"https:\/\/www.tartanga.eus\/en\/sdg-commitment\/","title":{"rendered":"SDG Commitment"},"content":{"rendered":"<p>Las secciones de los ODS (Cultura,Econom\u00eda circular, etc&#8230;.) aparecen autom\u00e1ticamente por c\u00f3digo al crear una categor\u00eda y a\u00f1adirla como &#8220;\u00c1mbito de ODS&#8221;<\/p>\n","protected":false},"excerpt":{"rendered":"<p>Las secciones de los ODS (Cultura,Econom\u00eda circular, etc&#8230;.) aparecen autom\u00e1ticamente por c\u00f3digo al crear una categor\u00eda y a\u00f1adirla como &#8220;\u00c1mbito de ODS&#8221;<\/p>\n","protected":false},"author":2,"featured_media":0,"parent":0,"menu_order":0,"comment_status":"closed","ping_status":"closed","template":"banner-mas-ods.php","meta":{"footnotes":""},"class_list":["post-4454","page","type-page","status-publish","hentry"],"acf":[],"_links":{"self":[{"href":"https:\/\/www.tartanga.eus\/en\/wp-json\/wp\/v2\/pages\/4454","targetHints":{"allow":["GET"]}}],"collection":[{"href":"https:\/\/www.tartanga.eus\/en\/wp-json\/wp\/v2\/pages"}],"about":[{"href":"https:\/\/www.tartanga.eus\/en\/wp-json\/wp\/v2\/types\/page"}],"author":[{"embeddable":true,"href":"https:\/\/www.tartanga.eus\/en\/wp-json\/wp\/v2\/users\/2"}],"replies":[{"embeddable":true,"href":"https:\/\/www.tartanga.eus\/en\/wp-json\/wp\/v2\/comments?post=4454"}],"version-history":[{"count":1,"href":"https:\/\/www.tartanga.eus\/en\/wp-json\/wp\/v2\/pages\/4454\/revisions"}],"predecessor-version":[{"id":4455,"href":"https:\/\/www.tartanga.eus\/en\/wp-json\/wp\/v2\/pages\/4454\/revisions\/4455"}],"wp:attachment":[{"href":"https:\/\/www.tartanga.eus\/en\/wp-json\/wp\/v2\/media?parent=4454"}],"curies":[{"name":"wp","href":"https:\/\/api.w.org\/{rel}","templated":true}]}}