{"id":1367,"date":"2023-01-17T23:29:45","date_gmt":"2023-01-17T21:29:45","guid":{"rendered":"https:\/\/www.tartanga.eus\/index.php\/nazioarteko-proiektuak\/declaracion-de-la-politica\/"},"modified":"2023-01-31T15:52:20","modified_gmt":"2023-01-31T13:52:20","slug":"declaracion-de-la-politica","status":"publish","type":"page","link":"https:\/\/www.tartanga.eus\/eu\/nazioarteko-proiektuak\/declaracion-de-la-politica\/","title":{"rendered":"Declaraci\u00f3n de la Pol\u00edtica"},"content":{"rendered":"<p>El Centro Integrado de Formaci\u00f3n Profesional CIFP Tartanga LHII \u00a0ofrece cursos en Audiovisuales, Electr\u00f3nica-Electricidad, Salud y Qu\u00edmica Ambiental, Inform\u00e1tica, Administraci\u00f3n y Gesti\u00f3n de empresas e Integraci\u00f3n Social. En algunos de estos cursos \u00a0la oferta es multiling\u00fce. El alumnado, adem\u00e1s de las dos lenguas oficiales de la Comunidad Aut\u00f3noma Vasca, usa el ingl\u00e9s para adquirir competencias.<\/p>\n<p>La estrategia internacional \u00a0de nuestra instituci\u00f3n \u00a0forma parte \u00a0de un plan estructurado dentro de nuestro sistema de gesti\u00f3n de procesos. \u00a0Participamos en el desarrollo de sistemas de calidad y hemos recibido los siguientes certificados: Certificado de gesti\u00f3n de Calidad (ISO 9011\/2008), Q de plata en EFQM, y Premio Nacional de Gesti\u00f3n de Calidad en procesos ense\u00f1anza-aprendizaje en 2005. Desarrollamos nuestra gesti\u00f3n de medio ambiente a trav\u00e9s del programa Ekoscan.<\/p>\n<p>El CIFP Tartanga LHII considera la internalizaci\u00f3n una prioridad clave en su \u00a0proceso de innovaci\u00f3n y es parte de su plan estrat\u00e9gico dise\u00f1ado \u00a0para mejorar la calidad de sus programas de educaci\u00f3n. En este proceso de Internalizaci\u00f3n colaboran alumnado, profesorado y personal administrativo.<\/p>\n<p>El CIFP Tartanga LHII participa en diferentes proyectos internacionales dentro del proyecto de Aprendizaje Permanente. El objetivo principal es desarrollar un proceso de ense\u00f1anza-aprendizaje en estrecha relaci\u00f3n con la demanda social\/profesional del mercado laboral europeo e internacional. Nos interesan los proyectos internacionales como medio de aprendizaje a trav\u00e9s de la transferencia del conocimiento de las experiencias y buenas pr\u00e1cticas de nuestros socios europeos, tanto a nivel de instituciones como a nivel de empresa. Tambi\u00e9n tratamos de posibilitar a los participantes a desarrollar \u00a0su competencia ling\u00fc\u00edstica y a mejorar el entendimiento de la cultura social y econ\u00f3mica del pa\u00eds anfitri\u00f3n.<\/p>\n<p>Contamos con una amplia experiencia en Programas de Aprendizaje a lo largo de la vida. Hemos tomado parte en diferentes tipos de proyectos internacionales \u00a0durante la \u00faltima d\u00e9cada \u00a0tales como nuestro propio proyecto Eranwork Youth para transferencia de innovaci\u00f3n, con socios procedentes de Suecia, Italia, etc. El objetivo principal de este proyecto fue dar al alumnado que hab\u00eda creado su propia empresa la oportunidad de innovar y desarrollar sus proyectos en compa\u00f1\u00edas europeas \u00a0e implementar sus conocimientos adquiridos.<\/p>\n<p>Por otra parte, hemos abierto nuestras puertas a alumnado extranjero para que realicen sus pr\u00e1cticas en empresas de nuestro entorno. Los \u00faltimos a\u00f1os hemos recibido estudiantes, \u00a0sobre todo del campo Audiovisual. Tambi\u00e9n hemos recibido estudiantes de Chile para tomar parte en un curso de un a\u00f1o acad\u00e9mico completo llamado\u201d Administraci\u00f3n de Empresas y Finanzas en la peque\u00f1a y la mediana empresa. \u00a0Por \u00faltimo, profesores del Instituto \u00a0han tomado parte en programas de movilidad tales como Vetpro, Comenius, Academia, etc<\/p>\n<ul>\n<li>a) Elegimos a nuestros socios de acuerdo con las necesidades del alumnado y del personal del centro.. Prestamos especial atenci\u00f3n a la calidad de la movilidad que ofrecen nuestros socios. Nuestra colaboraci\u00f3n se basa en confianza e inter\u00e9s mutuo y cooperaci\u00f3n a largo plazo. Nuestros socios proceden principalmente de Institutos de Formaci\u00f3n Profesional y empresas. Adem\u00e1s tenemos la oportunidad de elegir nuevos socios a trav\u00e9s de los consorcios con los que trabajamos: Ikaslan y Confebask.<\/li>\n<li>b) A la hora de seleccionar a nuestros socios tenemos en cuenta su cobertura geogr\u00e1fica y ling\u00fc\u00edstica. \u00a0Mantenemos nuestros principales lazos con pa\u00edses europeos tales como U.K. Irlanda, Bulgaria, Finlandia, Suecia, Portugal, e Italia aunque estamos abiertos \u00a0a todos los pa\u00edses de la Uni\u00f3n Europea.<\/li>\n<li>c) Nuestros objetivos m\u00e1s importantes son:<\/li>\n<\/ul>\n<p>&#8211; Incrementar el ratio de movilidad de estudiantes, incluidos estudiantes con necesidades espec\u00edficas de diversa \u00edndole. En la actualidad el 10% de nuestros estudiantes realizan su per\u00edodo de pr\u00e1cticas en el extranjero siguiendo las directrices de nuestro plan estrat\u00e9gico.<\/p>\n<p>&#8211; Promover y apoyar la movilidad de estudiantes para estudios. Estamos abiertos a esta posibilidad para el futuro<\/p>\n<p>&#8211; Promover y reconocer proyectos de movilidad del profesorado entre Instituciones de Educaci\u00f3n Superior para ense\u00f1ar o realizar pr\u00e1cticas. Los objetivos generales de estos programas constituyen la adquisici\u00f3n o el \u00a0uso del conocimiento, habilidades y cualificaciones para facilitar el desarrollo personal en un contexto profesional. Nuestra instituci\u00f3n persigue la excelencia del profesorado en su desarrollo profesional por medio de transferencia del conocimiento. Tienen tambi\u00e9n la posibilidad de construir una red de educaci\u00f3n m\u00e1s amplia dentro de la Uni\u00f3n Europea. La persona docente tendr\u00e1 un reconocimiento de su movilidad al finalizarla.<\/p>\n<p>&#8211; Facilitar al profesorado y alumnado el desarrollo del dominio de la lengua extranjera por medio del proyecto multiling\u00fce promovido por el Gobierno Vasco en Formaci\u00f3n Profesional, para tener m\u00e1s posibilidades de participar en proyectos europeos. Este programa tambi\u00e9n da la oportunidad a estudiantes y profesorado europeos de poder visitarnos y participar en nuestro Instituto.<\/p>\n","protected":false},"excerpt":{"rendered":"<p>El Centro Integrado de Formaci\u00f3n Profesional CIFP Tartanga LHII \u00a0ofrece cursos en Audiovisuales, Electr\u00f3nica-Electricidad, Salud y Qu\u00edmica Ambiental, Inform\u00e1tica, Administraci\u00f3n y Gesti\u00f3n de empresas e Integraci\u00f3n Social. En algunos de estos cursos \u00a0la oferta es multiling\u00fce. El alumnado, adem\u00e1s de las dos lenguas oficiales de la Comunidad Aut\u00f3noma Vasca, usa el ingl\u00e9s para adquirir competencias. [&hellip;]<\/p>\n","protected":false},"author":2,"featured_media":0,"parent":1346,"menu_order":0,"comment_status":"closed","ping_status":"closed","template":"","meta":{"footnotes":""},"class_list":["post-1367","page","type-page","status-publish","hentry"],"acf":[],"_links":{"self":[{"href":"https:\/\/www.tartanga.eus\/eu\/wp-json\/wp\/v2\/pages\/1367","targetHints":{"allow":["GET"]}}],"collection":[{"href":"https:\/\/www.tartanga.eus\/eu\/wp-json\/wp\/v2\/pages"}],"about":[{"href":"https:\/\/www.tartanga.eus\/eu\/wp-json\/wp\/v2\/types\/page"}],"author":[{"embeddable":true,"href":"https:\/\/www.tartanga.eus\/eu\/wp-json\/wp\/v2\/users\/2"}],"replies":[{"embeddable":true,"href":"https:\/\/www.tartanga.eus\/eu\/wp-json\/wp\/v2\/comments?post=1367"}],"version-history":[{"count":1,"href":"https:\/\/www.tartanga.eus\/eu\/wp-json\/wp\/v2\/pages\/1367\/revisions"}],"predecessor-version":[{"id":1368,"href":"https:\/\/www.tartanga.eus\/eu\/wp-json\/wp\/v2\/pages\/1367\/revisions\/1368"}],"up":[{"embeddable":true,"href":"https:\/\/www.tartanga.eus\/eu\/wp-json\/wp\/v2\/pages\/1346"}],"wp:attachment":[{"href":"https:\/\/www.tartanga.eus\/eu\/wp-json\/wp\/v2\/media?parent=1367"}],"curies":[{"name":"wp","href":"https:\/\/api.w.org\/{rel}","templated":true}]}}