{"id":1376,"date":"2023-01-17T23:30:20","date_gmt":"2023-01-17T21:30:20","guid":{"rendered":"https:\/\/www.tartanga.eus\/index.php\/nazioarteko-proiektuak\/erasmus-ka1\/"},"modified":"2023-01-31T15:54:34","modified_gmt":"2023-01-31T13:54:34","slug":"erasmus-ka1","status":"publish","type":"page","link":"https:\/\/www.tartanga.eus\/eu\/nazioarteko-proiektuak\/erasmus-ka1\/","title":{"rendered":"Erasmus+ KA1"},"content":{"rendered":"<div class=\"journal-content-article\">\n<div class=\"portlet-reg-detail\">\n<div class=\"portlet-section-body\">\n<p>El programa Erasmus+\u00a0 tiene como objetivo atender a las necesidades de ense\u00f1anza y aprendizaje de todas las personas participantes en educaci\u00f3n superior formal y en formaci\u00f3n profesional. Para ello se pretende potenciar el aprendizaje permanente y la movilidad, mejorando la calidad y la eficacia de la educaci\u00f3n y la formaci\u00f3n.<\/p>\n<p>Dentro del programa Erasmus+ el CIFP Tartanga LHII ofrece movilidad para el personal y alumnado dentro de la Acci\u00f3n clave 1: KA1<\/p>\n<h3><strong>Programa Erasmus+. Clave1<\/strong><\/h3>\n<p>La acci\u00f3n\u00a0<strong> CLAVE 1<\/strong> de este programa ofrece movilidad para el personal y alumnado tanto de ciclos de grado Medio como de grado Superior<\/p>\n<p><strong>1. Movilidad de Personal. \/Movilidad para el aprendizaje<\/strong><\/p>\n<ul>\n<li>Proyectos de movilidad<\/li>\n<li>Actividades de formaci\u00f3n y desarrollo profesional del personal educativo y\u00a0 de formaci\u00f3n (financiaci\u00f3n\u00a0 hasta 5 d\u00edas)<\/li>\n<\/ul>\n<p><strong>2. Movilidad de estudiantes<br \/>\n<\/strong><br \/>\n<strong>Objetivos:<\/strong><\/p>\n<ul>\n<li>Aumentar las oportunidades de formaci\u00f3n en el extranjero del alumnado de Formaci\u00f3n profesional<\/li>\n<li>Proporcionar las habilidades necesarias para la transici\u00f3n del \u00e1mbito de la educaci\u00f3n y la formaci\u00f3n al mercado laboral<\/li>\n<\/ul>\n<p><strong>Para:<\/strong><\/p>\n<ul>\n<li>Ciclos formativos de grado medio (FCTs)<\/li>\n<li>Ciclos formativos de grado superior\u00a0 (FCTs)<\/li>\n<li>Personas reci\u00e9n tituladas tanto de grado medio como superior, dentro del a\u00f1o siguiente\u00a0 a la finalizaci\u00f3n de estudios.<\/li>\n<\/ul>\n<\/div>\n<\/div>\n<\/div>\n","protected":false},"excerpt":{"rendered":"<p>El programa Erasmus+\u00a0 tiene como objetivo atender a las necesidades de ense\u00f1anza y aprendizaje de todas las personas participantes en educaci\u00f3n superior formal y en formaci\u00f3n profesional. Para ello se pretende potenciar el aprendizaje permanente y la movilidad, mejorando la calidad y la eficacia de la educaci\u00f3n y la formaci\u00f3n. Dentro del programa Erasmus+ el [&hellip;]<\/p>\n","protected":false},"author":2,"featured_media":0,"parent":1346,"menu_order":0,"comment_status":"closed","ping_status":"closed","template":"banner-mas-texto.php","meta":{"footnotes":""},"class_list":["post-1376","page","type-page","status-publish","hentry"],"acf":[],"_links":{"self":[{"href":"https:\/\/www.tartanga.eus\/eu\/wp-json\/wp\/v2\/pages\/1376","targetHints":{"allow":["GET"]}}],"collection":[{"href":"https:\/\/www.tartanga.eus\/eu\/wp-json\/wp\/v2\/pages"}],"about":[{"href":"https:\/\/www.tartanga.eus\/eu\/wp-json\/wp\/v2\/types\/page"}],"author":[{"embeddable":true,"href":"https:\/\/www.tartanga.eus\/eu\/wp-json\/wp\/v2\/users\/2"}],"replies":[{"embeddable":true,"href":"https:\/\/www.tartanga.eus\/eu\/wp-json\/wp\/v2\/comments?post=1376"}],"version-history":[{"count":1,"href":"https:\/\/www.tartanga.eus\/eu\/wp-json\/wp\/v2\/pages\/1376\/revisions"}],"predecessor-version":[{"id":1377,"href":"https:\/\/www.tartanga.eus\/eu\/wp-json\/wp\/v2\/pages\/1376\/revisions\/1377"}],"up":[{"embeddable":true,"href":"https:\/\/www.tartanga.eus\/eu\/wp-json\/wp\/v2\/pages\/1346"}],"wp:attachment":[{"href":"https:\/\/www.tartanga.eus\/eu\/wp-json\/wp\/v2\/media?parent=1376"}],"curies":[{"name":"wp","href":"https:\/\/api.w.org\/{rel}","templated":true}]}}