{"id":1379,"date":"2023-01-17T23:30:34","date_gmt":"2023-01-17T21:30:34","guid":{"rendered":"https:\/\/www.tartanga.eus\/index.php\/nazioarteko-proiektuak\/erasmus-ka2\/"},"modified":"2023-01-31T15:55:12","modified_gmt":"2023-01-31T13:55:12","slug":"erasmus-ka2","status":"publish","type":"page","link":"https:\/\/www.tartanga.eus\/eu\/nazioarteko-proiektuak\/erasmus-ka2\/","title":{"rendered":"Erasmus+ KA2"},"content":{"rendered":"<p>Participamos y colaboramos con Ikaslan en proyectos estrat\u00e9gicos con diferentes organismos europeos por medio del programa Erasmus+ KA2.<\/p>\n<p>Nuestra intenci\u00f3n en un futuro pr\u00f3ximo es desarrollar y participar directamente en alg\u00fan proyecto propio de este tipo.<\/p>\n<ul>\n<li>Para mejorar las relaciones entre el sistema educativo de Formaci\u00f3n Profesional\u00a0 y el mundo de la empresa.<\/li>\n<li>Para crear materiales entre diferentes socios.<\/li>\n<li>Para crear sinergias y armonizar el sistema educativo europeo.<\/li>\n<\/ul>\n<hr \/>\n<p><img loading=\"lazy\" decoding=\"async\" class=\"mb-4 alignnone wp-image-596 size-medium\" src=\"https:\/\/www.tartanga.eus\/wp-content\/uploads\/2023\/01\/image_gallery-300x58.gif\" alt=\"\" width=\"300\" height=\"58\" \/><br \/>\nEl Proyecto Work for Adults 2.0 es un proyecto estrat\u00e9gico\u00a0 KA2 financiado por Erasmus+ que comenz\u00f3 el 1.9.2015 y terminar\u00e1 el 31.8. 2017. El objetivo\u00a0 de este proyecto es encontrar nuevos procedimientos para el uso de redes sociales en el aprendizaje dentro del entorno de trabajo.<\/p>\n<p>Incluye realizar una descripci\u00f3n del proceso de aprendizaje teniendo en cuenta los diferentes entornos de aprendizaje y su contribuci\u00f3n al logro del mismo.<\/p>\n<p>Los socios del proyecto son Bridgwater and Taunton College (UK),\u00a0 SA Tartu Rahva\u00fclikool (Estonia), Finska folkh\u00f6gskolan (Suecia), Omnia (Finlandia), FP Andra Mari de Galdakao y CIFP Tartanga LHII de Ikaslan.<\/p>\n<hr \/>\n<p><img loading=\"lazy\" decoding=\"async\" class=\"size-full wp-image-598 alignleft\" src=\"https:\/\/www.tartanga.eus\/wp-content\/uploads\/2023\/01\/grit.png\" alt=\"\" width=\"167\" height=\"202\" \/><br \/>\nEl proyecto GRIT, Growth in the work based learning triangle, es un proyecto estrat\u00e9gico KA2 financiado por Erasmus+ que comenz\u00f3 el d\u00eda 1 de septiembre de 2.016 y finalizar\u00e1 el 31 de agosto de 2.018.<\/p>\n<p>Su objetivo principal es acercar las necesidades del alumnado, responsables de las tutor\u00edas del m\u00f3dulo de Formaci\u00f3n en Centro de Trabajo e instructores en las empresas. Pare ello, se va a utilizar la filosof\u00eda Service Design y herramientas digitales, que facilitan la colaboraci\u00f3n entre las diferentes partes.<\/p>\n<p>Los socios del proyecto son Haaga-Helia, Universidad de Helsinki; la Universidad de HoGent, B\u00e9lgica; Omnia, Centro de Formaci\u00f3n Profesional en Espoo , Finlandia; Tartu, Centro de Formaci\u00f3n Profesional en Estonia; e IKASLAN con la colaboraci\u00f3n de CIFP Iurreta LHII y CIFP Tartanga LHII.<\/p>\n","protected":false},"excerpt":{"rendered":"<p>Participamos y colaboramos con Ikaslan en proyectos estrat\u00e9gicos con diferentes organismos europeos por medio del programa Erasmus+ KA2. Nuestra intenci\u00f3n en un futuro pr\u00f3ximo es desarrollar y participar directamente en alg\u00fan proyecto propio de este tipo. Para mejorar las relaciones entre el sistema educativo de Formaci\u00f3n Profesional\u00a0 y el mundo de la empresa. Para crear [&hellip;]<\/p>\n","protected":false},"author":2,"featured_media":0,"parent":1346,"menu_order":0,"comment_status":"closed","ping_status":"closed","template":"banner-mas-texto.php","meta":{"footnotes":""},"class_list":["post-1379","page","type-page","status-publish","hentry"],"acf":[],"_links":{"self":[{"href":"https:\/\/www.tartanga.eus\/eu\/wp-json\/wp\/v2\/pages\/1379","targetHints":{"allow":["GET"]}}],"collection":[{"href":"https:\/\/www.tartanga.eus\/eu\/wp-json\/wp\/v2\/pages"}],"about":[{"href":"https:\/\/www.tartanga.eus\/eu\/wp-json\/wp\/v2\/types\/page"}],"author":[{"embeddable":true,"href":"https:\/\/www.tartanga.eus\/eu\/wp-json\/wp\/v2\/users\/2"}],"replies":[{"embeddable":true,"href":"https:\/\/www.tartanga.eus\/eu\/wp-json\/wp\/v2\/comments?post=1379"}],"version-history":[{"count":1,"href":"https:\/\/www.tartanga.eus\/eu\/wp-json\/wp\/v2\/pages\/1379\/revisions"}],"predecessor-version":[{"id":1380,"href":"https:\/\/www.tartanga.eus\/eu\/wp-json\/wp\/v2\/pages\/1379\/revisions\/1380"}],"up":[{"embeddable":true,"href":"https:\/\/www.tartanga.eus\/eu\/wp-json\/wp\/v2\/pages\/1346"}],"wp:attachment":[{"href":"https:\/\/www.tartanga.eus\/eu\/wp-json\/wp\/v2\/media?parent=1379"}],"curies":[{"name":"wp","href":"https:\/\/api.w.org\/{rel}","templated":true}]}}