{"id":2376,"date":"2023-02-24T19:19:47","date_gmt":"2023-02-24T17:19:47","guid":{"rendered":"https:\/\/www.tartanga.eus\/?page_id=2376"},"modified":"2024-04-24T09:46:03","modified_gmt":"2024-04-24T08:46:03","slug":"bekak-eta-laguntzak","status":"publish","type":"page","link":"https:\/\/www.tartanga.eus\/eu\/enpresak\/bekak-eta-laguntzak\/","title":{"rendered":"Bekak eta laguntzak"},"content":{"rendered":"<h4>Lehen Aukera<\/h4>\n<p>Deialdi honen xedea da euskal enpresek edo beste erakunde batzuek beren titulazioarekin lotutako enpleguetan esperientzia gutxi edo batere esperientziarik ez duten eta langabezian dauden gazteak kontratatzeagatik eman beharreko laguntzen oinarriak ezartzea eta arautzea, haien enplegagarritasuna hobetzeko neurri gisa, lan-esperientzia eskuratuz eta haien laneratzea finkatuz.<\/p>\n<p><a class=\"btn btn-dark\" href=\"https:\/\/www.lanbide.euskadi.eus\/lehen-aukera_eu\/weblan00-ayudasysubvenciones\/eu\/\" target=\"_blank\" rel=\"noopener\">Informazio gehiago<\/a><\/p>\n<p>Ikaslan Bizkaiak kudeaketa lanetan eskaintzen duen laguntza: enplegu@ikaslan.net<\/p>\n<hr \/>\n<h4>Becas Fundaci\u00f3n SEPI<\/h4>\n<p><u>NUEVA CONVOCATORIA DE BECAS FUNDACI\u00d3N SEPI<\/u><\/p>\n<p>La Fundaci\u00f3n SEPI convoca las becas correspondientes al Programa indicado, cuyas caracter\u00edsticas generales se exponen en las Bases de la Convocatoria, que se encuentran en la direcci\u00f3n:<\/p>\n<p><a class=\"btn btn-dark\" href=\"https:\/\/www.fundacionsepi.es\/becas\/iniciacion-fsepi.asp\" target=\"_blank\" rel=\"noopener\">Informazio gehiago<\/a><\/p>\n","protected":false},"excerpt":{"rendered":"<p>Lehen Aukera Deialdi honen xedea da euskal enpresek edo beste erakunde batzuek beren titulazioarekin lotutako enpleguetan esperientzia gutxi edo batere esperientziarik ez duten eta langabezian dauden gazteak kontratatzeagatik eman beharreko laguntzen oinarriak ezartzea eta arautzea, haien enplegagarritasuna hobetzeko neurri gisa, lan-esperientzia eskuratuz eta haien laneratzea finkatuz. Informazio gehiago Ikaslan Bizkaiak kudeaketa lanetan eskaintzen duen laguntza: [&hellip;]<\/p>\n","protected":false},"author":2,"featured_media":0,"parent":2374,"menu_order":0,"comment_status":"closed","ping_status":"closed","template":"","meta":{"footnotes":""},"class_list":["post-2376","page","type-page","status-publish","hentry"],"acf":[],"_links":{"self":[{"href":"https:\/\/www.tartanga.eus\/eu\/wp-json\/wp\/v2\/pages\/2376","targetHints":{"allow":["GET"]}}],"collection":[{"href":"https:\/\/www.tartanga.eus\/eu\/wp-json\/wp\/v2\/pages"}],"about":[{"href":"https:\/\/www.tartanga.eus\/eu\/wp-json\/wp\/v2\/types\/page"}],"author":[{"embeddable":true,"href":"https:\/\/www.tartanga.eus\/eu\/wp-json\/wp\/v2\/users\/2"}],"replies":[{"embeddable":true,"href":"https:\/\/www.tartanga.eus\/eu\/wp-json\/wp\/v2\/comments?post=2376"}],"version-history":[{"count":3,"href":"https:\/\/www.tartanga.eus\/eu\/wp-json\/wp\/v2\/pages\/2376\/revisions"}],"predecessor-version":[{"id":3380,"href":"https:\/\/www.tartanga.eus\/eu\/wp-json\/wp\/v2\/pages\/2376\/revisions\/3380"}],"up":[{"embeddable":true,"href":"https:\/\/www.tartanga.eus\/eu\/wp-json\/wp\/v2\/pages\/2374"}],"wp:attachment":[{"href":"https:\/\/www.tartanga.eus\/eu\/wp-json\/wp\/v2\/media?parent=2376"}],"curies":[{"name":"wp","href":"https:\/\/api.w.org\/{rel}","templated":true}]}}