{"id":2381,"date":"2023-02-24T19:21:18","date_gmt":"2023-02-24T17:21:18","guid":{"rendered":"https:\/\/www.tartanga.eus\/?page_id=2381"},"modified":"2023-02-24T19:21:18","modified_gmt":"2023-02-24T17:21:18","slug":"formakuntza","status":"publish","type":"page","link":"https:\/\/www.tartanga.eus\/eu\/enpresak\/formakuntza\/","title":{"rendered":"Formakuntza"},"content":{"rendered":"<h4>Cursos certificables para personas trabajadoras<\/h4>\n<p>Dentro de nuestra oferta de Formaci\u00f3n Continua, ofrecemos cursos gratuitos dirigidos preferentemente a personas trabajadoras en activo, sean por cuenta propia, ajena o funcionariado. Est\u00e1n subvencionados por Lanbide (Servicio Vasco de Empleo) y gestionados por Hobetuz (Fundaci\u00f3n Vasca para la Formaci\u00f3n Profesional Continua), con el objeto de proporcionar a la poblaci\u00f3n trabajadora la cualificaci\u00f3n que necesitan durante su vida laboral, as\u00ed como de responder a los requerimientos de las empresas de nuestro entorno.<\/p>\n<p>Hay dos tipos de cursos: <strong>Cat\u00e1logo Modular y Oferta Abierta<\/strong><\/p>\n<p><strong>Cat\u00e1logo Modular:<\/strong> se trata de Acciones Formativas pertenecientes a Certificados de Profesionalidad incluidos en el Cat\u00e1logo Nacional de Cualificaciones Profesionales. Son, por tanto, cursos catalogados que traen consigo una certificaci\u00f3n parcial acumulable y permiten la obtenci\u00f3n, a medio plazo, de un Certificado de Profesionalidad. Este es un instrumento de acreditaci\u00f3n oficial de las cualificaciones profesionales en el \u00e1mbito de la Administraci\u00f3n Laboral. La persona que lo posee, tiene acreditada su capacitaci\u00f3n para el desempe\u00f1o de una actividad profesional con significaci\u00f3n para el empleo.<\/p>\n<p><strong>Oferta Abierta:<\/strong> El contenido de cada curso es dise\u00f1ado por el propio Centro de Formaci\u00f3n para ajustarse a las necesidades generales o sectoriales de las personas trabajadoras. La acreditaci\u00f3n que se consigue la emite el Centro y tiene validez ante el Dispositivo de Acreditaci\u00f3n de Competencias Profesionales.<\/p>\n<p>&nbsp;<\/p>\n<p><a href=\"https:\/\/www.tartanga.eus\/index.php\/formacion\/formacion-a-lo-largo-de-la-vida\/\" class=\"mt-3 mb-3 btn btn-lg d-block btn-dark\">Oferta de cursos<\/a><\/p>\n<p>&nbsp;<\/p>\n<p><strong>Cursos a la carta bajo demanda<\/strong><\/p>\n<p>Impartimos formaci\u00f3n a medida para aquellas empresas o instituciones que lo soliciten. Esta formaci\u00f3n puede llevarse a cabo en nuestras instalaciones o, en su caso, en la empresa.<\/p>\n<p>Es una formaci\u00f3n muy puntual y exclusiva, dise\u00f1ada para dar soluci\u00f3n a una necesidad concreta de la empresa. Normalmente, estos cursos est\u00e1n directamente relacionados con las familias profesionales vigentes en el Instituto:<\/p>\n<ul>\n<li>Administraci\u00f3n y gesti\u00f3n<\/li>\n<li>Electricidad y electr\u00f3nica<\/li>\n<li>Inform\u00e1tica y comunicaciones<\/li>\n<li>Imagen y sonido<\/li>\n<li>Medioambiente<\/li>\n<li>Sanidad<\/li>\n<li>Servicios socioculturales y a la comunidad<\/li>\n<p>Como ejemplo, algunos de los cursos de este \u00e1mbito que hemos impartido recientemente:<\/p>\n<p>Comercio, marketing e ingl\u00e9s para el Ayto. de Arrigorriaga<\/p>\n<p>Soldadura electr\u00f3nica convencional y SMD para Lantegi Batuak, Fagor Automation, Tecnalia, ZIV, P4Q Electronics, etc.<\/p>\n<p>Electr\u00f3nica Aplicada para Lantegi Batuak<\/p>\n<p>Obtenci\u00f3n del carn\u00e9 3D nivel b\u00e1sico para Grupo Eulen, Bagabiltza, etc.<\/p>\n","protected":false},"excerpt":{"rendered":"<p>Cursos certificables para personas trabajadoras Dentro de nuestra oferta de Formaci\u00f3n Continua, ofrecemos cursos gratuitos dirigidos preferentemente a personas trabajadoras en activo, sean por cuenta propia, ajena o funcionariado. Est\u00e1n subvencionados por Lanbide (Servicio Vasco de Empleo) y gestionados por Hobetuz (Fundaci\u00f3n Vasca para la Formaci\u00f3n Profesional Continua), con el objeto de proporcionar a la [&hellip;]<\/p>\n","protected":false},"author":2,"featured_media":0,"parent":2374,"menu_order":0,"comment_status":"closed","ping_status":"closed","template":"","meta":{"footnotes":""},"class_list":["post-2381","page","type-page","status-publish","hentry"],"acf":[],"_links":{"self":[{"href":"https:\/\/www.tartanga.eus\/eu\/wp-json\/wp\/v2\/pages\/2381","targetHints":{"allow":["GET"]}}],"collection":[{"href":"https:\/\/www.tartanga.eus\/eu\/wp-json\/wp\/v2\/pages"}],"about":[{"href":"https:\/\/www.tartanga.eus\/eu\/wp-json\/wp\/v2\/types\/page"}],"author":[{"embeddable":true,"href":"https:\/\/www.tartanga.eus\/eu\/wp-json\/wp\/v2\/users\/2"}],"replies":[{"embeddable":true,"href":"https:\/\/www.tartanga.eus\/eu\/wp-json\/wp\/v2\/comments?post=2381"}],"version-history":[{"count":1,"href":"https:\/\/www.tartanga.eus\/eu\/wp-json\/wp\/v2\/pages\/2381\/revisions"}],"predecessor-version":[{"id":2382,"href":"https:\/\/www.tartanga.eus\/eu\/wp-json\/wp\/v2\/pages\/2381\/revisions\/2382"}],"up":[{"embeddable":true,"href":"https:\/\/www.tartanga.eus\/eu\/wp-json\/wp\/v2\/pages\/2374"}],"wp:attachment":[{"href":"https:\/\/www.tartanga.eus\/eu\/wp-json\/wp\/v2\/media?parent=2381"}],"curies":[{"name":"wp","href":"https:\/\/api.w.org\/{rel}","templated":true}]}}