{"id":5601,"date":"2026-03-24T16:53:41","date_gmt":"2026-03-24T15:53:41","guid":{"rendered":"https:\/\/www.tartanga.eus\/?page_id=5601"},"modified":"2026-03-24T16:53:41","modified_gmt":"2026-03-24T15:53:41","slug":"administrazio-zerbitzuak","status":"publish","type":"page","link":"https:\/\/www.tartanga.eus\/eu\/hezkuntza\/c-graduak\/administrazio-zerbitzuak\/","title":{"rendered":"Administrazio Zerbitzuak"},"content":{"rendered":"<h3><strong>Administraci\u00f3n y Finanzas<\/strong><\/h3>\n<p>La oferta parcial de Formaci\u00f3n Inicial est\u00e1 dirigida a personas que quieran completar un t\u00edtulo o cursarlo por itinerarios. Es gratuita y los itinerarios formativos se desarrollan a lo largo de un curso escolar, de lunes a jueves, de 16:00 a 21:00 horas.<\/p>\n<p><strong>Itinerario del ciclo formativo LOE de grado superior de ADMINISTRACI\u00d3N Y FINANZAS con los siguientes m\u00f3dulos:<\/strong><\/p>\n<ul>\n<li>Ofim\u00e1tica y proceso de la informaci\u00f3n<\/li>\n<li>Gesti\u00f3n de Recursos Humanos<\/li>\n<li>Gesti\u00f3n financiera<\/li>\n<li>Simulaci\u00f3n empresarial<\/li>\n<\/ul>\n<p>MODELO: A(Castellano)<\/p>\n","protected":false},"excerpt":{"rendered":"<p>Administraci\u00f3n y Finanzas La oferta parcial de Formaci\u00f3n Inicial est\u00e1 dirigida a personas que quieran completar un t\u00edtulo o cursarlo por itinerarios. Es gratuita y los itinerarios formativos se desarrollan a lo largo de un curso escolar, de lunes a jueves, de 16:00 a 21:00 horas. Itinerario del ciclo formativo LOE de grado superior de [&hellip;]<\/p>\n","protected":false},"author":1,"featured_media":2297,"parent":1413,"menu_order":0,"comment_status":"closed","ping_status":"closed","template":"oferta-parcial.php","meta":{"footnotes":""},"class_list":["post-5601","page","type-page","status-publish","has-post-thumbnail","hentry"],"acf":[],"_links":{"self":[{"href":"https:\/\/www.tartanga.eus\/eu\/wp-json\/wp\/v2\/pages\/5601","targetHints":{"allow":["GET"]}}],"collection":[{"href":"https:\/\/www.tartanga.eus\/eu\/wp-json\/wp\/v2\/pages"}],"about":[{"href":"https:\/\/www.tartanga.eus\/eu\/wp-json\/wp\/v2\/types\/page"}],"author":[{"embeddable":true,"href":"https:\/\/www.tartanga.eus\/eu\/wp-json\/wp\/v2\/users\/1"}],"replies":[{"embeddable":true,"href":"https:\/\/www.tartanga.eus\/eu\/wp-json\/wp\/v2\/comments?post=5601"}],"version-history":[{"count":3,"href":"https:\/\/www.tartanga.eus\/eu\/wp-json\/wp\/v2\/pages\/5601\/revisions"}],"predecessor-version":[{"id":5606,"href":"https:\/\/www.tartanga.eus\/eu\/wp-json\/wp\/v2\/pages\/5601\/revisions\/5606"}],"up":[{"embeddable":true,"href":"https:\/\/www.tartanga.eus\/eu\/wp-json\/wp\/v2\/pages\/1413"}],"wp:featuredmedia":[{"embeddable":true,"href":"https:\/\/www.tartanga.eus\/eu\/wp-json\/wp\/v2\/media\/2297"}],"wp:attachment":[{"href":"https:\/\/www.tartanga.eus\/eu\/wp-json\/wp\/v2\/media?parent=5601"}],"curies":[{"name":"wp","href":"https:\/\/api.w.org\/{rel}","templated":true}]}}